{"id":58,"date":"2023-10-24T09:56:01","date_gmt":"2023-10-24T07:56:01","guid":{"rendered":"https:\/\/genealogiebyk.fr\/?page_id=58"},"modified":"2023-11-04T12:44:27","modified_gmt":"2023-11-04T11:44:27","slug":"contact","status":"publish","type":"page","link":"https:\/\/genealogiebyk.fr\/index.php\/contact\/","title":{"rendered":"Contact"},"content":{"rendered":"\n<div class=\"wp-block-columns is-layout-flex wp-container-core-columns-is-layout-9d6595d7 wp-block-columns-is-layout-flex\">\n<div class=\"wp-block-column is-layout-flow wp-block-column-is-layout-flow\"><\/div>\n\n\n\n<div class=\"wp-block-column is-layout-flow wp-block-column-is-layout-flow\" style=\"flex-basis:75%\">\n<p class=\"has-large-font-size\">Pour toute demande, veuillez me contacter :<\/p>\n\n\n\n<ul class=\"wp-block-list\">\n<li class=\"has-large-font-size\">soit par t\u00e9l\u00e9phone au <strong>07.65.78.38.73<\/strong><\/li>\n<\/ul>\n\n\n\n<ul class=\"wp-block-list\">\n<li class=\"has-large-font-size\">soit par mail \u00e0 <strong><a href=\"mailto:contact@genealogiebyk.fr\">contact@genealogiebyk.fr<\/a><\/strong><\/li>\n<\/ul>\n<\/div>\n\n\n\n<div class=\"wp-block-column is-layout-flow wp-block-column-is-layout-flow\"><\/div>\n<\/div>\n\n\n\n<div class=\"wp-block-columns is-layout-flex wp-container-core-columns-is-layout-9d6595d7 wp-block-columns-is-layout-flex\">\n<div class=\"wp-block-column is-layout-flow wp-block-column-is-layout-flow\"><\/div>\n\n\n\n<div class=\"wp-block-column is-layout-flow wp-block-column-is-layout-flow\" style=\"flex-basis:75%\">\n<p class=\"has-large-font-size\">Merci de bien indiquer :<\/p>\n\n\n\n<ul class=\"wp-block-list\">\n<li class=\"has-large-font-size\"><strong>Votre Nom, Pr\u00e9nom<\/strong><\/li>\n\n\n\n<li class=\"has-large-font-size\"><strong>Vos coordonn\u00e9es (t\u00e9l\u00e9phone, adresse mail)<\/strong><\/li>\n\n\n\n<li class=\"has-large-font-size\"><strong>L\u2019objet de votre demande<\/strong><\/li>\n<\/ul>\n<\/div>\n\n\n\n<div class=\"wp-block-column is-layout-flow wp-block-column-is-layout-flow\"><\/div>\n<\/div>\n","protected":false},"excerpt":{"rendered":"<p>Pour toute demande, veuillez me contacter : Merci de bien indiquer :<\/p>\n","protected":false},"author":1,"featured_media":0,"parent":0,"menu_order":0,"comment_status":"closed","ping_status":"closed","template":"","meta":{"footnotes":""},"class_list":["post-58","page","type-page","status-publish","hentry"],"_links":{"self":[{"href":"https:\/\/genealogiebyk.fr\/index.php\/wp-json\/wp\/v2\/pages\/58","targetHints":{"allow":["GET"]}}],"collection":[{"href":"https:\/\/genealogiebyk.fr\/index.php\/wp-json\/wp\/v2\/pages"}],"about":[{"href":"https:\/\/genealogiebyk.fr\/index.php\/wp-json\/wp\/v2\/types\/page"}],"author":[{"embeddable":true,"href":"https:\/\/genealogiebyk.fr\/index.php\/wp-json\/wp\/v2\/users\/1"}],"replies":[{"embeddable":true,"href":"https:\/\/genealogiebyk.fr\/index.php\/wp-json\/wp\/v2\/comments?post=58"}],"version-history":[{"count":11,"href":"https:\/\/genealogiebyk.fr\/index.php\/wp-json\/wp\/v2\/pages\/58\/revisions"}],"predecessor-version":[{"id":553,"href":"https:\/\/genealogiebyk.fr\/index.php\/wp-json\/wp\/v2\/pages\/58\/revisions\/553"}],"wp:attachment":[{"href":"https:\/\/genealogiebyk.fr\/index.php\/wp-json\/wp\/v2\/media?parent=58"}],"curies":[{"name":"wp","href":"https:\/\/api.w.org\/{rel}","templated":true}]}}