{"id":38,"date":"2023-10-24T09:56:01","date_gmt":"2023-10-24T07:56:01","guid":{"rendered":"https:\/\/genealogiebyk.fr\/?page_id=38"},"modified":"2026-01-16T18:29:34","modified_gmt":"2026-01-16T17:29:34","slug":"les-arbres-personnalises","status":"publish","type":"page","link":"https:\/\/genealogiebyk.fr\/index.php\/les-arbres-personnalises\/","title":{"rendered":"Les arbres personnalis\u00e9s"},"content":{"rendered":"\n<div class=\"wp-block-columns is-layout-flex wp-container-core-columns-is-layout-9d6595d7 wp-block-columns-is-layout-flex\">\n<div class=\"wp-block-column is-layout-flow wp-block-column-is-layout-flow\" style=\"flex-basis:25%\"><\/div>\n\n\n\n<div class=\"wp-block-column is-layout-flow wp-block-column-is-layout-flow\" style=\"flex-basis:80%\">\n<p style=\"font-size:25px\"><strong>Cr\u00e9ation d&rsquo;un arbre personnalis\u00e9 \u00e0 partir de votre fichier Gedcom<\/strong>&nbsp;&nbsp;&nbsp;<\/p>\n\n\n\n<p>Vous avez d\u00e9j\u00e0 r\u00e9alis\u00e9 votre g\u00e9n\u00e9alogie familiale mais vous n&rsquo;avez pas trouv\u00e9 un support \u00e0 votre go\u00fbt pour l&rsquo;afficher ou la partager aupr\u00e8s de votre famille ?<br>Je vous propose de faire pour vous un arbre <strong>enti\u00e8rement personnalis\u00e9<\/strong> avec le fond qui vous correspond et qui mettra en valeur votre travail.<br><br><strong>Du format A3 au format A0<\/strong><\/p>\n<\/div>\n\n\n\n<div class=\"wp-block-column is-layout-flow wp-block-column-is-layout-flow\" style=\"flex-basis:25%\"><\/div>\n<\/div>\n\n\n\n<div class=\"wp-block-columns is-layout-flex wp-container-core-columns-is-layout-9d6595d7 wp-block-columns-is-layout-flex\">\n<div class=\"wp-block-column is-layout-flow wp-block-column-is-layout-flow\">\n<figure class=\"wp-block-image size-full\"><img loading=\"lazy\" decoding=\"async\" width=\"600\" height=\"423\" src=\"http:\/\/genealogiebyk.fr\/wp-content\/uploads\/2023\/11\/eventail2.jpg\" alt=\"\" class=\"wp-image-488\" srcset=\"https:\/\/genealogiebyk.fr\/wp-content\/uploads\/2023\/11\/eventail2.jpg 600w, https:\/\/genealogiebyk.fr\/wp-content\/uploads\/2023\/11\/eventail2-426x300.jpg 426w\" sizes=\"auto, (max-width: 600px) 100vw, 600px\" \/><\/figure>\n<\/div>\n\n\n\n<div class=\"wp-block-column is-layout-flow wp-block-column-is-layout-flow\">\n<figure class=\"wp-block-image size-full\"><img loading=\"lazy\" decoding=\"async\" width=\"598\" height=\"423\" src=\"http:\/\/genealogiebyk.fr\/wp-content\/uploads\/2023\/11\/nord423.jpg\" alt=\"\" class=\"wp-image-490\" srcset=\"https:\/\/genealogiebyk.fr\/wp-content\/uploads\/2023\/11\/nord423.jpg 598w, https:\/\/genealogiebyk.fr\/wp-content\/uploads\/2023\/11\/nord423-424x300.jpg 424w\" sizes=\"auto, (max-width: 598px) 100vw, 598px\" \/><\/figure>\n<\/div>\n<\/div>\n\n\n\n<p><\/p>\n\n\n\n<div class=\"wp-block-columns is-layout-flex wp-container-core-columns-is-layout-9d6595d7 wp-block-columns-is-layout-flex\">\n<div class=\"wp-block-column is-layout-flow wp-block-column-is-layout-flow\">\n<figure class=\"wp-block-image size-full\"><img loading=\"lazy\" decoding=\"async\" width=\"600\" height=\"395\" src=\"https:\/\/genealogiebyk.fr\/wp-content\/uploads\/2024\/02\/H2024-1.jpg\" alt=\"\" class=\"wp-image-561\" srcset=\"https:\/\/genealogiebyk.fr\/wp-content\/uploads\/2024\/02\/H2024-1.jpg 600w, https:\/\/genealogiebyk.fr\/wp-content\/uploads\/2024\/02\/H2024-1-456x300.jpg 456w\" sizes=\"auto, (max-width: 600px) 100vw, 600px\" \/><\/figure>\n<\/div>\n\n\n\n<div class=\"wp-block-column is-layout-flow wp-block-column-is-layout-flow\">\n<figure class=\"wp-block-image size-full is-resized\"><img loading=\"lazy\" decoding=\"async\" width=\"598\" height=\"399\" src=\"https:\/\/genealogiebyk.fr\/wp-content\/uploads\/2024\/02\/eventail1_423-edited.jpg\" alt=\"\" class=\"wp-image-562\" style=\"width:591px;height:auto\" srcset=\"https:\/\/genealogiebyk.fr\/wp-content\/uploads\/2024\/02\/eventail1_423-edited.jpg 598w, https:\/\/genealogiebyk.fr\/wp-content\/uploads\/2024\/02\/eventail1_423-edited-450x300.jpg 450w\" sizes=\"auto, (max-width: 598px) 100vw, 598px\" \/><\/figure>\n<\/div>\n<\/div>\n\n\n\n<p><\/p>\n\n\n\n<div class=\"wp-block-buttons is-horizontal is-content-justification-center is-nowrap is-layout-flex wp-container-core-buttons-is-layout-fc65f29c wp-block-buttons-is-layout-flex\">\n<div class=\"wp-block-button has-custom-width wp-block-button__width-50\"><a class=\"wp-block-button__link has-sitebg-color has-accent-1-background-color has-text-color has-background wp-element-button\" href=\"https:\/\/genealogiebyk.fr\/index.php\/tarifs-2026\/#arbre\" style=\"border-radius:0px\"><strong>Tarifs<\/strong><\/a><\/div>\n<\/div>\n","protected":false},"excerpt":{"rendered":"<p>Cr\u00e9ation d&rsquo;un arbre personnalis\u00e9 \u00e0 partir de votre fichier Gedcom&nbsp;&nbsp;&nbsp; Vous avez d\u00e9j\u00e0 r\u00e9alis\u00e9 votre g\u00e9n\u00e9alogie familiale mais vous n&rsquo;avez pas trouv\u00e9 un support \u00e0 &hellip;<\/p>\n","protected":false},"author":1,"featured_media":85,"parent":0,"menu_order":0,"comment_status":"closed","ping_status":"closed","template":"","meta":{"footnotes":"[]"},"class_list":["post-38","page","type-page","status-publish","has-post-thumbnail","hentry"],"_links":{"self":[{"href":"https:\/\/genealogiebyk.fr\/index.php\/wp-json\/wp\/v2\/pages\/38","targetHints":{"allow":["GET"]}}],"collection":[{"href":"https:\/\/genealogiebyk.fr\/index.php\/wp-json\/wp\/v2\/pages"}],"about":[{"href":"https:\/\/genealogiebyk.fr\/index.php\/wp-json\/wp\/v2\/types\/page"}],"author":[{"embeddable":true,"href":"https:\/\/genealogiebyk.fr\/index.php\/wp-json\/wp\/v2\/users\/1"}],"replies":[{"embeddable":true,"href":"https:\/\/genealogiebyk.fr\/index.php\/wp-json\/wp\/v2\/comments?post=38"}],"version-history":[{"count":26,"href":"https:\/\/genealogiebyk.fr\/index.php\/wp-json\/wp\/v2\/pages\/38\/revisions"}],"predecessor-version":[{"id":583,"href":"https:\/\/genealogiebyk.fr\/index.php\/wp-json\/wp\/v2\/pages\/38\/revisions\/583"}],"wp:featuredmedia":[{"embeddable":true,"href":"https:\/\/genealogiebyk.fr\/index.php\/wp-json\/wp\/v2\/media\/85"}],"wp:attachment":[{"href":"https:\/\/genealogiebyk.fr\/index.php\/wp-json\/wp\/v2\/media?parent=38"}],"curies":[{"name":"wp","href":"https:\/\/api.w.org\/{rel}","templated":true}]}}