{"id":230,"date":"2023-10-24T10:12:05","date_gmt":"2023-10-24T08:12:05","guid":{"rendered":"https:\/\/genealogiebyk.fr\/?page_id=230"},"modified":"2023-11-01T10:43:59","modified_gmt":"2023-11-01T09:43:59","slug":"accueil","status":"publish","type":"page","link":"https:\/\/genealogiebyk.fr\/","title":{"rendered":"Accueil"},"content":{"rendered":"\n<div class=\"wp-block-columns is-layout-flex wp-container-core-columns-is-layout-9d6595d7 wp-block-columns-is-layout-flex\">\n<div class=\"wp-block-column is-layout-flow wp-block-column-is-layout-flow\" style=\"flex-basis:25%\"><\/div>\n\n\n\n<div class=\"wp-block-column is-layout-flow wp-block-column-is-layout-flow\" style=\"flex-basis:90%\">\n<p class=\"has-background\" style=\"background:linear-gradient(0deg,rgb(255,255,255) 56%,rgb(233,180,76) 100%)\">La <strong>g\u00e9n\u00e9alogie familiale<\/strong> nous permet de (mieux) conna\u00eetre nos a\u00efeux, savoir d&rsquo;o\u00f9 l&rsquo;on vient, d\u00e9couvrir nos origines g\u00e9ographiques, culturelles et sociales.<br>Au-del\u00e0 de cet enrichissement personnel, retracer notre histoire familiale permet aussi de partager, (re) cr\u00e9er du lien avec notre famille, unir les g\u00e9n\u00e9rations.<br>Cela peut se faire sous diverses formes et <strong>G\u00e9n\u00e9alogie <sup>by<\/sup> K<\/strong> vous en propose quelques-unes&#8230;<\/p>\n<\/div>\n\n\n\n<div class=\"wp-block-column is-layout-flow wp-block-column-is-layout-flow\" style=\"flex-basis:25%\"><\/div>\n<\/div>\n\n\n\n<div class=\"wp-block-columns is-layout-flex wp-container-core-columns-is-layout-9d6595d7 wp-block-columns-is-layout-flex\">\n<div class=\"wp-block-column is-layout-flow wp-block-column-is-layout-flow\">\n<hr class=\"wp-block-separator alignfull has-alpha-channel-opacity is-style-wide\"\/>\n\n\n\n<p class=\"has-accent-1-color has-text-color has-large-font-size\"><strong>Les recherches g\u00e9n\u00e9alogiques<\/strong><\/p>\n\n\n\n<figure class=\"wp-block-image size-full\"><a href=\"https:\/\/genealogiebyk.fr\/index.php\/genealogie-ascendante-descendante-et-collaterale\/\"><img loading=\"lazy\" decoding=\"async\" width=\"737\" height=\"460\" src=\"http:\/\/genealogiebyk.fr\/wp-content\/uploads\/2023\/10\/M1922_1024-edited-2.jpg\" alt=\"\" class=\"wp-image-92\" srcset=\"https:\/\/genealogiebyk.fr\/wp-content\/uploads\/2023\/10\/M1922_1024-edited-2.jpg 737w, https:\/\/genealogiebyk.fr\/wp-content\/uploads\/2023\/10\/M1922_1024-edited-2-600x374.jpg 600w\" sizes=\"auto, (max-width: 737px) 100vw, 737px\" \/><\/a><\/figure>\n\n\n\n<p>Une enqu\u00eate de longue haleine \u00e0 confier \u00e0 un g\u00e9n\u00e9alogiste professionnel.<\/p>\n<\/div>\n\n\n\n<div class=\"wp-block-column is-layout-flow wp-block-column-is-layout-flow\">\n<hr class=\"wp-block-separator alignfull has-alpha-channel-opacity is-style-wide\"\/>\n\n\n\n<p class=\"has-accent-1-color has-text-color has-large-font-size\"><strong>Les arbres personnalis\u00e9s<\/strong><\/p>\n\n\n\n<figure class=\"wp-block-image size-full is-style-default\"><a href=\"https:\/\/genealogiebyk.fr\/index.php\/les-arbres-personnalises\/\"><img loading=\"lazy\" decoding=\"async\" width=\"960\" height=\"600\" src=\"http:\/\/genealogiebyk.fr\/wp-content\/uploads\/2023\/10\/eventail1_960-edited.png\" alt=\"\" class=\"wp-image-85\" srcset=\"https:\/\/genealogiebyk.fr\/wp-content\/uploads\/2023\/10\/eventail1_960-edited.png 960w, https:\/\/genealogiebyk.fr\/wp-content\/uploads\/2023\/10\/eventail1_960-edited-600x375.png 600w, https:\/\/genealogiebyk.fr\/wp-content\/uploads\/2023\/10\/eventail1_960-edited-768x480.png 768w\" sizes=\"auto, (max-width: 960px) 100vw, 960px\" \/><\/a><\/figure>\n\n\n\n<p>Trouvez la repr\u00e9sentation qui vous correspond. Offrez (vous) un cadeau original !<\/p>\n<\/div>\n\n\n\n<div class=\"wp-block-column is-layout-flow wp-block-column-is-layout-flow\">\n<hr class=\"wp-block-separator alignfull has-alpha-channel-opacity is-style-wide\"\/>\n\n\n\n<p class=\"has-accent-1-color has-text-color has-large-font-size\"><strong>Les photographies anciennes<\/strong><\/p>\n\n\n\n<figure class=\"wp-block-image size-large is-style-default\"><a href=\"https:\/\/genealogiebyk.fr\/index.php\/les-photographies-anciennes\/\"><img loading=\"lazy\" decoding=\"async\" width=\"1024\" height=\"649\" src=\"http:\/\/genealogiebyk.fr\/wp-content\/uploads\/2023\/10\/classe-1024x649.jpg\" alt=\"\" class=\"wp-image-84\" srcset=\"https:\/\/genealogiebyk.fr\/wp-content\/uploads\/2023\/10\/classe-1024x649.jpg 1024w, https:\/\/genealogiebyk.fr\/wp-content\/uploads\/2023\/10\/classe-600x380.jpg 600w, https:\/\/genealogiebyk.fr\/wp-content\/uploads\/2023\/10\/classe-768x487.jpg 768w, https:\/\/genealogiebyk.fr\/wp-content\/uploads\/2023\/10\/classe.jpg 1093w\" sizes=\"auto, (max-width: 1024px) 100vw, 1024px\" \/><\/a><\/figure>\n\n\n\n<p>Ne passez pas \u00e0 c\u00f4t\u00e9 de ces tr\u00e9sors ! Pr\u00e9servez-les et mettez-les en valeur.<\/p>\n<\/div>\n<\/div>\n","protected":false},"excerpt":{"rendered":"<p>La g\u00e9n\u00e9alogie familiale nous permet de (mieux) conna\u00eetre nos a\u00efeux, savoir d&rsquo;o\u00f9 l&rsquo;on vient, d\u00e9couvrir nos origines g\u00e9ographiques, culturelles et sociales.Au-del\u00e0 de cet enrichissement personnel, &hellip;<\/p>\n","protected":false},"author":1,"featured_media":0,"parent":0,"menu_order":0,"comment_status":"closed","ping_status":"closed","template":"","meta":{"footnotes":""},"class_list":["post-230","page","type-page","status-publish","hentry"],"_links":{"self":[{"href":"https:\/\/genealogiebyk.fr\/index.php\/wp-json\/wp\/v2\/pages\/230","targetHints":{"allow":["GET"]}}],"collection":[{"href":"https:\/\/genealogiebyk.fr\/index.php\/wp-json\/wp\/v2\/pages"}],"about":[{"href":"https:\/\/genealogiebyk.fr\/index.php\/wp-json\/wp\/v2\/types\/page"}],"author":[{"embeddable":true,"href":"https:\/\/genealogiebyk.fr\/index.php\/wp-json\/wp\/v2\/users\/1"}],"replies":[{"embeddable":true,"href":"https:\/\/genealogiebyk.fr\/index.php\/wp-json\/wp\/v2\/comments?post=230"}],"version-history":[{"count":23,"href":"https:\/\/genealogiebyk.fr\/index.php\/wp-json\/wp\/v2\/pages\/230\/revisions"}],"predecessor-version":[{"id":458,"href":"https:\/\/genealogiebyk.fr\/index.php\/wp-json\/wp\/v2\/pages\/230\/revisions\/458"}],"wp:attachment":[{"href":"https:\/\/genealogiebyk.fr\/index.php\/wp-json\/wp\/v2\/media?parent=230"}],"curies":[{"name":"wp","href":"https:\/\/api.w.org\/{rel}","templated":true}]}}