{"id":223,"date":"2023-10-24T10:00:31","date_gmt":"2023-10-24T08:00:31","guid":{"rendered":"https:\/\/genealogiebyk.fr\/?page_id=223"},"modified":"2026-01-16T18:31:34","modified_gmt":"2026-01-16T17:31:34","slug":"tarifs-2026","status":"publish","type":"page","link":"https:\/\/genealogiebyk.fr\/index.php\/tarifs-2026\/","title":{"rendered":"Tarifs 2026"},"content":{"rendered":"\n<figure class=\"wp-block-table\"><table><tbody><tr><td>Tarif horaire<\/td><td class=\"has-text-align-center\" data-align=\"center\">24 \u20ac<\/td><\/tr><tr><td>Tarif demi-journ\u00e9e<\/td><td class=\"has-text-align-center\" data-align=\"center\">87 \u20ac<\/td><\/tr><tr><td>Tarif journ\u00e9e<\/td><td class=\"has-text-align-center\" data-align=\"center\">167 \u20ac<\/td><\/tr><\/tbody><\/table><\/figure>\n\n\n\n<div class=\"wp-block-buttons is-horizontal is-content-justification-center is-layout-flex wp-container-core-buttons-is-layout-499968f5 wp-block-buttons-is-layout-flex\">\n<div class=\"wp-block-button has-custom-width wp-block-button__width-50\"><a class=\"wp-block-button__link has-background wp-element-button\" href=\"https:\/\/genealogiebyk.fr\/index.php\/contact\/\" style=\"border-radius:0px;background-color:#6f4c66;font-style:normal;font-weight:400\">Faire une demande<\/a><\/div>\n<\/div>\n\n\n\n<p class=\"has-sitebg-color has-text-color\" id=\"recherches\">recherches<\/p>\n\n\n\n<p class=\"has-text-color\" style=\"color:#6f4c66\"><em>Chaque famille, chaque cas d&rsquo;\u00e9tude, est unique. Aussi toute demande fera obligatoirement l&rsquo;objet d&rsquo;un \u00e9change pr\u00e9alable avec vous afin d&rsquo;\u00e9tablir un devis gratuit correspondant \u00e0 vos besoins sp\u00e9cifiques et incluant mes propositions.<\/em><\/p>\n\n\n\n<p class=\"has-text-color\" style=\"color:#6f4c66\"><em>Les forfaits ci-dessous, concernant les recherches g\u00e9n\u00e9alogiques, sont donn\u00e9s \u00e0 titre indicatif. Au forfait de base peut s&rsquo;ajouter des options en fonction de vos demandes (recherche de collat\u00e9raux, r\u00e9daction, recherches compl\u00e9mentaires sp\u00e9cifiques, tirage d&rsquo;un arbre personnalis\u00e9&#8230;) et des frais de d\u00e9bours en cas de d\u00e9placement.<\/em><\/p>\n\n\n\n<p><strong>Forfait standard recherches g\u00e9n\u00e9alogiques &#8211; Ascendance compl\u00e8te<\/strong><\/p>\n\n\n\n<figure class=\"wp-block-table\"><table><thead><tr><th class=\"has-text-align-center\" data-align=\"center\">1 personne racine<\/th><th class=\"has-text-align-center\" data-align=\"center\">1 couple racine<\/th><th class=\"has-text-align-center\" data-align=\"center\">Tarifs<\/th><\/tr><\/thead><tbody><tr><td class=\"has-text-align-center\" data-align=\"center\">4 g\u00e9n\u00e9rations,<br>15 personnes<\/td><td class=\"has-text-align-center\" data-align=\"center\">3 g\u00e9n\u00e9rations,<br>14 personnes<\/td><td class=\"has-text-align-center\" data-align=\"center\">275 \u20ac<\/td><\/tr><tr><td class=\"has-text-align-center\" data-align=\"center\">5 g\u00e9n\u00e9rations,<br>31 personnes<\/td><td class=\"has-text-align-center\" data-align=\"center\">4 g\u00e9n\u00e9rations,<br>30 personnes<\/td><td class=\"has-text-align-center\" data-align=\"center\">500 \u20ac<\/td><\/tr><tr><td class=\"has-text-align-center\" data-align=\"center\">6 g\u00e9n\u00e9rations,<br>63 personnes<\/td><td class=\"has-text-align-center\" data-align=\"center\">5 g\u00e9n\u00e9rations,<br>62 personnes<\/td><td class=\"has-text-align-center\" data-align=\"center\">920 \u20ac<\/td><\/tr><tr><td class=\"has-text-align-center\" data-align=\"center\">7 g\u00e9n\u00e9rations,<br>127 personnes<\/td><td class=\"has-text-align-center\" data-align=\"center\">6 g\u00e9n\u00e9rations,<br>126 personnes<\/td><td class=\"has-text-align-center\" data-align=\"center\">1748 \u20ac<\/td><\/tr><\/tbody><\/table><\/figure>\n\n\n\n<p><strong>Forfait standard recherches g\u00e9n\u00e9alogiques &#8211; Ascendance agnatique ou cognatique<\/strong><\/p>\n\n\n\n<figure class=\"wp-block-table\"><table><thead><tr><th class=\"has-text-align-center\" data-align=\"center\">Nombre d&rsquo;anc\u00eatres<\/th><th class=\"has-text-align-center\" data-align=\"center\">Tarifs<\/th><\/tr><\/thead><tbody><tr><td class=\"has-text-align-center\" data-align=\"center\">5 g\u00e9n\u00e9rations,<br>9 personnes<\/td><td class=\"has-text-align-center\" data-align=\"center\">175 \u20ac<\/td><\/tr><tr><td class=\"has-text-align-center\" data-align=\"center\">6 g\u00e9n\u00e9rations,<br>11 personnes<\/td><td class=\"has-text-align-center\" data-align=\"center\">202 \u20ac<\/td><\/tr><tr><td class=\"has-text-align-center\" data-align=\"center\">7 g\u00e9n\u00e9rations,<br>13 personnes<\/td><td class=\"has-text-align-center\" data-align=\"center\">230 \u20ac<\/td><\/tr><tr><td class=\"has-text-align-center\" data-align=\"center\">8 g\u00e9n\u00e9rations,<br>15 personnes<\/td><td class=\"has-text-align-center\" data-align=\"center\">268 \u20ac<\/td><\/tr><tr><td class=\"has-text-align-center\" data-align=\"center\">9 g\u00e9n\u00e9rations,<br>17 personnes<\/td><td class=\"has-text-align-center\" data-align=\"center\">307 \u20ac<\/td><\/tr><\/tbody><\/table><\/figure>\n\n\n\n<p><strong>Recherches g\u00e9n\u00e9alogiques &#8211; Descendance<\/strong><\/p>\n\n\n\n<figure class=\"wp-block-table\"><table><tbody><tr><td>Sur devis<\/td><\/tr><\/tbody><\/table><\/figure>\n\n\n\n<div class=\"wp-block-buttons is-horizontal is-content-justification-center is-layout-flex wp-container-core-buttons-is-layout-499968f5 wp-block-buttons-is-layout-flex\">\n<div class=\"wp-block-button has-custom-width wp-block-button__width-50\"><a class=\"wp-block-button__link has-background wp-element-button\" href=\"https:\/\/genealogiebyk.fr\/index.php\/contact\/\" style=\"border-radius:0px;background-color:#6f4c66;font-style:normal;font-weight:400\">Faire une demande<\/a><\/div>\n<\/div>\n\n\n\n<p class=\"has-sitebg-color has-text-color\" id=\"histoire\">histoire<\/p>\n\n\n\n<p><strong>Raconter son histoire familiale<\/strong><\/p>\n\n\n\n<figure class=\"wp-block-table\"><table><tbody><tr><td>R\u00e9daction d&rsquo;une monographie<\/td><td>Sur devis<\/td><\/tr><tr><td>Montage anim\u00e9 <em>Story 2.0<\/em><\/td><td>Sur devis<\/td><\/tr><\/tbody><\/table><\/figure>\n\n\n\n<div class=\"wp-block-buttons is-horizontal is-content-justification-center is-layout-flex wp-container-core-buttons-is-layout-499968f5 wp-block-buttons-is-layout-flex\">\n<div class=\"wp-block-button has-custom-width wp-block-button__width-50\"><a class=\"wp-block-button__link has-background wp-element-button\" href=\"https:\/\/genealogiebyk.fr\/index.php\/contact\/\" style=\"border-radius:0px;background-color:#6f4c66;font-style:normal;font-weight:400\">Faire une demande<\/a><\/div>\n<\/div>\n\n\n\n<p class=\"has-sitebg-color has-text-color\" id=\"arbre\">arbre<\/p>\n\n\n\n<p><strong>Cr\u00e9ation d&rsquo;un arbre g\u00e9n\u00e9alogique personnalis\u00e9<\/strong><\/p>\n\n\n\n<figure class=\"wp-block-table\"><table><thead><tr><th class=\"has-text-align-center\" data-align=\"center\">Formats<\/th><th class=\"has-text-align-center\" data-align=\"center\">Tarifs<\/th><th class=\"has-text-align-center\" data-align=\"center\">Tirages suppl\u00e9mentaires<\/th><\/tr><\/thead><tbody><tr><td class=\"has-text-align-center\" data-align=\"center\"><strong>A3<\/strong><br><em>29,7 x 42 cm<\/em><\/td><td class=\"has-text-align-center\" data-align=\"center\">58 \u20ac<\/td><td class=\"has-text-align-center\" data-align=\"center\">11 \u20ac<\/td><\/tr><tr><td class=\"has-text-align-center\" data-align=\"center\"><strong>A2<\/strong><br><em>42 x 59,4 cm<\/em><\/td><td class=\"has-text-align-center\" data-align=\"center\">74 \u20ac<\/td><td class=\"has-text-align-center\" data-align=\"center\">16 \u20ac<\/td><\/tr><tr><td class=\"has-text-align-center\" data-align=\"center\"><strong>A1<\/strong><br><em>59,4 x 84,1 cm<\/em><\/td><td class=\"has-text-align-center\" data-align=\"center\">101 \u20ac<\/td><td class=\"has-text-align-center\" data-align=\"center\">23 \u20ac<\/td><\/tr><tr><td class=\"has-text-align-center\" data-align=\"center\"><strong>A0<\/strong><br><em>84,1 x 118,9 cm<\/em><\/td><td class=\"has-text-align-center\" data-align=\"center\">114 \u20ac<\/td><td class=\"has-text-align-center\" data-align=\"center\">34 \u20ac<\/td><\/tr><tr><td class=\"has-text-align-center\" data-align=\"center\">Formats sp\u00e9ciaux<\/td><td class=\"has-text-align-center\" data-align=\"center\">Sur devis<\/td><td class=\"has-text-align-center\" data-align=\"center\">Sur devis<\/td><\/tr><\/tbody><\/table><\/figure>\n\n\n\n<div class=\"wp-block-buttons is-horizontal is-content-justification-center is-layout-flex wp-container-core-buttons-is-layout-499968f5 wp-block-buttons-is-layout-flex\">\n<div class=\"wp-block-button has-custom-width wp-block-button__width-50\"><a class=\"wp-block-button__link has-background wp-element-button\" href=\"https:\/\/genealogiebyk.fr\/index.php\/contact\/\" style=\"border-radius:0px;background-color:#6f4c66;font-style:normal;font-weight:400\">Faire une demande<\/a><\/div>\n<\/div>\n\n\n\n<p class=\"has-sitebg-color has-text-color\" id=\"honneur\">honneur<\/p>\n\n\n\n<p><strong>Cr\u00e9ation graphique <em>Un anc\u00eatre \u00e0 l&rsquo;honneur<\/em><\/strong><\/p>\n\n\n\n<figure class=\"wp-block-table\"><table><thead><tr><th class=\"has-text-align-center\" data-align=\"center\">Format<\/th><th class=\"has-text-align-center\" data-align=\"center\">Tarif<\/th><\/tr><\/thead><tbody><tr><td class=\"has-text-align-center\" data-align=\"center\">21 x 30 cm<\/td><td class=\"has-text-align-center\" data-align=\"center\">55 \u20ac*<\/td><\/tr><\/tbody><\/table><\/figure>\n\n\n\n<p class=\"has-small-font-size\"><em>* Suppl\u00e9ment si besoin de retoucher la photographie<\/em><\/p>\n\n\n\n<div class=\"wp-block-buttons is-horizontal is-content-justification-center is-layout-flex wp-container-core-buttons-is-layout-499968f5 wp-block-buttons-is-layout-flex\">\n<div class=\"wp-block-button has-custom-width wp-block-button__width-50\"><a class=\"wp-block-button__link has-background wp-element-button\" href=\"https:\/\/genealogiebyk.fr\/index.php\/contact\/\" style=\"border-radius:0px;background-color:#6f4c66;font-style:normal;font-weight:400\">Faire une demande<\/a><\/div>\n<\/div>\n\n\n\n<p class=\"has-sitebg-color has-text-color\" id=\"numerisation\">numerisation<\/p>\n\n\n\n<p><strong>Num\u00e9risation de photographies<\/strong><\/p>\n\n\n\n<figure class=\"wp-block-table\"><table><thead><tr><th>Tarifs<\/th><\/tr><\/thead><tbody><tr><td>0,90 \u20ac \/ l&rsquo;unit\u00e9, pour les 50 premi\u00e8res<\/td><\/tr><tr><td>0,80 \u20ac \/ l&rsquo;unit\u00e9, pour les 50 suivantes<\/td><\/tr><tr><td>0,70 \u20ac \/ l&rsquo;unit\u00e9, pour celles au-del\u00e0 de 100<\/td><\/tr><\/tbody><\/table><\/figure>\n\n\n\n<div class=\"wp-block-buttons is-horizontal is-content-justification-center is-layout-flex wp-container-core-buttons-is-layout-499968f5 wp-block-buttons-is-layout-flex\">\n<div class=\"wp-block-button has-custom-width wp-block-button__width-50\"><a class=\"wp-block-button__link has-background wp-element-button\" href=\"https:\/\/genealogiebyk.fr\/index.php\/contact\/\" style=\"border-radius:0px;background-color:#6f4c66;font-style:normal;font-weight:400\">Faire une demande<\/a><\/div>\n<\/div>\n\n\n\n<p class=\"has-sitebg-color has-text-color\" id=\"retouche\">retouche<\/p>\n\n\n\n<p><strong>Retouches photographiques<\/strong><\/p>\n\n\n\n<figure class=\"wp-block-table\"><table><tbody><tr><td>Sur devis &#8211; \u00c0 partir de 42 \u20ac \/ photo *<\/td><\/tr><\/tbody><\/table><\/figure>\n\n\n\n<p class=\"has-small-font-size\"><em>* En fonction de l&rsquo;\u00e9tat de la photo<\/em><\/p>\n\n\n\n<div class=\"wp-block-buttons is-horizontal is-content-justification-center is-layout-flex wp-container-core-buttons-is-layout-499968f5 wp-block-buttons-is-layout-flex\">\n<div class=\"wp-block-button has-custom-width wp-block-button__width-50\"><a class=\"wp-block-button__link has-background wp-element-button\" href=\"https:\/\/genealogiebyk.fr\/index.php\/contact\/\" style=\"border-radius:0px;background-color:#6f4c66;font-style:normal;font-weight:400\">Faire une demande<\/a><\/div>\n<\/div>\n","protected":false},"excerpt":{"rendered":"<p>Tarif horaire 24 \u20ac Tarif demi-journ\u00e9e 87 \u20ac Tarif journ\u00e9e 167 \u20ac recherches Chaque famille, chaque cas d&rsquo;\u00e9tude, est unique. Aussi toute demande fera obligatoirement &hellip;<\/p>\n","protected":false},"author":1,"featured_media":0,"parent":0,"menu_order":0,"comment_status":"closed","ping_status":"closed","template":"","meta":{"footnotes":""},"class_list":["post-223","page","type-page","status-publish","hentry"],"_links":{"self":[{"href":"https:\/\/genealogiebyk.fr\/index.php\/wp-json\/wp\/v2\/pages\/223","targetHints":{"allow":["GET"]}}],"collection":[{"href":"https:\/\/genealogiebyk.fr\/index.php\/wp-json\/wp\/v2\/pages"}],"about":[{"href":"https:\/\/genealogiebyk.fr\/index.php\/wp-json\/wp\/v2\/types\/page"}],"author":[{"embeddable":true,"href":"https:\/\/genealogiebyk.fr\/index.php\/wp-json\/wp\/v2\/users\/1"}],"replies":[{"embeddable":true,"href":"https:\/\/genealogiebyk.fr\/index.php\/wp-json\/wp\/v2\/comments?post=223"}],"version-history":[{"count":39,"href":"https:\/\/genealogiebyk.fr\/index.php\/wp-json\/wp\/v2\/pages\/223\/revisions"}],"predecessor-version":[{"id":579,"href":"https:\/\/genealogiebyk.fr\/index.php\/wp-json\/wp\/v2\/pages\/223\/revisions\/579"}],"wp:attachment":[{"href":"https:\/\/genealogiebyk.fr\/index.php\/wp-json\/wp\/v2\/media?parent=223"}],"curies":[{"name":"wp","href":"https:\/\/api.w.org\/{rel}","templated":true}]}}