{"id":199,"date":"2023-10-24T09:57:08","date_gmt":"2023-10-24T07:57:08","guid":{"rendered":"https:\/\/genealogiebyk.fr\/?page_id=199"},"modified":"2026-01-16T18:28:45","modified_gmt":"2026-01-16T17:28:45","slug":"genealogie-ascendante-descendante-et-collaterale","status":"publish","type":"page","link":"https:\/\/genealogiebyk.fr\/index.php\/genealogie-ascendante-descendante-et-collaterale\/","title":{"rendered":"G\u00e9n\u00e9alogie ascendante, descendante et collat\u00e9rale"},"content":{"rendered":"\n<div class=\"wp-block-columns are-vertically-aligned-center is-layout-flex wp-container-core-columns-is-layout-9d6595d7 wp-block-columns-is-layout-flex\">\n<div class=\"wp-block-column is-vertically-aligned-center is-layout-flow wp-block-column-is-layout-flow\" style=\"flex-basis:33.33%\">\n<figure class=\"wp-block-image size-full\"><img loading=\"lazy\" decoding=\"async\" width=\"472\" height=\"446\" src=\"http:\/\/genealogiebyk.fr\/wp-content\/uploads\/2023\/10\/quartiers3-1.png\" alt=\"\" class=\"wp-image-325\" srcset=\"https:\/\/genealogiebyk.fr\/wp-content\/uploads\/2023\/10\/quartiers3-1.png 472w, https:\/\/genealogiebyk.fr\/wp-content\/uploads\/2023\/10\/quartiers3-1-317x300.png 317w\" sizes=\"auto, (max-width: 472px) 100vw, 472px\" \/><\/figure>\n<\/div>\n\n\n\n<div class=\"wp-block-column is-vertically-aligned-center is-layout-flow wp-block-column-is-layout-flow\" style=\"flex-basis:66.66%\">\n<p class=\"has-large-font-size\"><strong>Recherche de votre ascendance<\/strong><\/p>\n\n\n\n<p>J&rsquo;effectue les recherches g\u00e9n\u00e9alogiques pour retracer votre ascendance.<\/p>\n\n\n\n<p>Celle-ci peut \u00eatre compl\u00e8te (tous vos anc\u00eatres directs) ou par quartiers,<\/p>\n\n\n\n<p><strong>agnatique <\/strong>(uniquement sur le patronyme du p\u00e8re) ou <strong>cognatique <\/strong>(uniquement par les m\u00e8res).<\/p>\n\n\n\n<p class=\"has-large-font-size\"><strong>Recherche des collat\u00e9raux<\/strong><\/p>\n\n\n\n<p class=\"has-normal-font-size\">Les recherches sur vos anc\u00eatres peuvent inclure les collat\u00e9raux (fr\u00e8res et s\u0153urs des individus, autres conjoints)<\/p>\n<\/div>\n<\/div>\n\n\n\n<p><\/p>\n\n\n\n<div class=\"wp-block-columns is-layout-flex wp-container-core-columns-is-layout-9d6595d7 wp-block-columns-is-layout-flex\">\n<div class=\"wp-block-column is-layout-flow wp-block-column-is-layout-flow\" style=\"flex-basis:66.66%\">\n<p class=\"has-large-font-size\"><strong>Recherche des descendants \u00e0 partir d&rsquo;un de vos anc\u00eatres<\/strong><\/p>\n\n\n\n<p>Ces recherches sont plus complexes et on ne peut pas savoir \u00e0 l\u2019avance combien d&rsquo;individus nous pouvons obtenir. Cela peut vite devenir exponentiel, aussi faut-il bien cadrer votre projet et son objectif. D\u2019autre part, le droit relatif au respect de la vie priv\u00e9e implique, d\u00e8s lors que nous arrivons sur des individus contemporains toujours en vie, l&rsquo;incommunicabilit\u00e9 des \u00e9l\u00e9ments les concernant\u2026<\/p>\n<\/div>\n\n\n\n<div class=\"wp-block-column is-layout-flow wp-block-column-is-layout-flow\" style=\"flex-basis:33.33%\"><\/div>\n<\/div>\n\n\n<div class=\"wp-block-image\">\n<figure class=\"aligncenter size-full is-resized\"><img loading=\"lazy\" decoding=\"async\" width=\"1024\" height=\"427\" src=\"https:\/\/genealogiebyk.fr\/wp-content\/uploads\/2023\/11\/descendance.png\" alt=\"\" class=\"wp-image-519\" style=\"aspect-ratio:2.398126463700234;width:883px;height:auto\" srcset=\"https:\/\/genealogiebyk.fr\/wp-content\/uploads\/2023\/11\/descendance.png 1024w, https:\/\/genealogiebyk.fr\/wp-content\/uploads\/2023\/11\/descendance-600x250.png 600w, https:\/\/genealogiebyk.fr\/wp-content\/uploads\/2023\/11\/descendance-768x320.png 768w, https:\/\/genealogiebyk.fr\/wp-content\/uploads\/2023\/11\/descendance-496x207.png 496w\" sizes=\"auto, (max-width: 1024px) 100vw, 1024px\" \/><\/figure>\n<\/div>\n\n\n<p><\/p>\n\n\n\n<div class=\"wp-block-columns is-layout-flex wp-container-core-columns-is-layout-9d6595d7 wp-block-columns-is-layout-flex\">\n<div class=\"wp-block-column is-layout-flow wp-block-column-is-layout-flow\"><\/div>\n\n\n\n<div class=\"wp-block-column is-layout-flow wp-block-column-is-layout-flow\" style=\"flex-basis:80%\">\n<p class=\"has-text-align-left\">Les travaux de recherches g\u00e9n\u00e9alogiques sont factur\u00e9s au forfait et incluent :<\/p>\n\n\n\n<ul class=\"wp-block-list\">\n<li>Une fiche individuelle d\u00e9taill\u00e9e de chaque individu<\/li>\n\n\n\n<li>Un arbre g\u00e9n\u00e9alogique standard<\/li>\n\n\n\n<li>Un guide des sources<\/li>\n\n\n\n<li>Une cartographie des lieux de vie*<\/li>\n\n\n\n<li>Les statistiques de la g\u00e9n\u00e9alogie*<\/li>\n\n\n\n<li>Des fichiers remis sur cl\u00e9 USB&nbsp;:\n<ul class=\"wp-block-list\">\n<li>La g\u00e9n\u00e9alogie enregistr\u00e9e au format Gedcom<\/li>\n\n\n\n<li>Tous les actes num\u00e9ris\u00e9s (N.M.D.) de chaque individu<\/li>\n<\/ul>\n<\/li>\n<\/ul>\n\n\n\n<p class=\"has-small-font-size\"><sup>* si le sujet d&rsquo;\u00e9tude s&rsquo;y pr\u00eate.<\/sup><\/p>\n<\/div>\n\n\n\n<div class=\"wp-block-column is-layout-flow wp-block-column-is-layout-flow\"><\/div>\n<\/div>\n\n\n\n<p><\/p>\n\n\n\n<div class=\"wp-block-columns is-layout-flex wp-container-core-columns-is-layout-9d6595d7 wp-block-columns-is-layout-flex\">\n<div class=\"wp-block-column is-layout-flow wp-block-column-is-layout-flow\">\n<div class=\"wp-block-buttons is-content-justification-center is-layout-flex wp-container-core-buttons-is-layout-16018d1d wp-block-buttons-is-layout-flex\">\n<div class=\"wp-block-button has-custom-width wp-block-button__width-50\"><a class=\"wp-block-button__link has-accent-1-background-color has-background wp-element-button\" href=\"https:\/\/genealogiebyk.fr\/index.php\/tarifs-2026\/#recherches\" style=\"border-radius:0px\">Voir Tarifs<\/a><\/div>\n<\/div>\n<\/div>\n\n\n\n<div class=\"wp-block-column is-layout-flow wp-block-column-is-layout-flow\">\n<div class=\"wp-block-buttons is-content-justification-center is-layout-flex wp-container-core-buttons-is-layout-16018d1d wp-block-buttons-is-layout-flex\">\n<div class=\"wp-block-button has-custom-width wp-block-button__width-50\"><a class=\"wp-block-button__link has-background wp-element-button\" href=\"https:\/\/genealogiebyk.fr\/index.php\/contact\/\" style=\"border-radius:0px;background-color:#6f4c66\">Devis gratuit<\/a><\/div>\n<\/div>\n<\/div>\n<\/div>\n\n\n\n<p><\/p>\n","protected":false},"excerpt":{"rendered":"<p>Recherche de votre ascendance J&rsquo;effectue les recherches g\u00e9n\u00e9alogiques pour retracer votre ascendance. Celle-ci peut \u00eatre compl\u00e8te (tous vos anc\u00eatres directs) ou par quartiers, agnatique (uniquement &hellip;<\/p>\n","protected":false},"author":1,"featured_media":278,"parent":0,"menu_order":0,"comment_status":"closed","ping_status":"closed","template":"","meta":{"footnotes":""},"class_list":["post-199","page","type-page","status-publish","has-post-thumbnail","hentry"],"_links":{"self":[{"href":"https:\/\/genealogiebyk.fr\/index.php\/wp-json\/wp\/v2\/pages\/199","targetHints":{"allow":["GET"]}}],"collection":[{"href":"https:\/\/genealogiebyk.fr\/index.php\/wp-json\/wp\/v2\/pages"}],"about":[{"href":"https:\/\/genealogiebyk.fr\/index.php\/wp-json\/wp\/v2\/types\/page"}],"author":[{"embeddable":true,"href":"https:\/\/genealogiebyk.fr\/index.php\/wp-json\/wp\/v2\/users\/1"}],"replies":[{"embeddable":true,"href":"https:\/\/genealogiebyk.fr\/index.php\/wp-json\/wp\/v2\/comments?post=199"}],"version-history":[{"count":26,"href":"https:\/\/genealogiebyk.fr\/index.php\/wp-json\/wp\/v2\/pages\/199\/revisions"}],"predecessor-version":[{"id":582,"href":"https:\/\/genealogiebyk.fr\/index.php\/wp-json\/wp\/v2\/pages\/199\/revisions\/582"}],"wp:featuredmedia":[{"embeddable":true,"href":"https:\/\/genealogiebyk.fr\/index.php\/wp-json\/wp\/v2\/media\/278"}],"wp:attachment":[{"href":"https:\/\/genealogiebyk.fr\/index.php\/wp-json\/wp\/v2\/media?parent=199"}],"curies":[{"name":"wp","href":"https:\/\/api.w.org\/{rel}","templated":true}]}}